{"id":37579,"date":"2026-05-11T14:46:37","date_gmt":"2026-05-11T17:46:37","guid":{"rendered":"https:\/\/chooseon.com.br\/mobtap\/?page_id=37579"},"modified":"2026-05-12T17:24:06","modified_gmt":"2026-05-12T20:24:06","slug":"cleankap","status":"publish","type":"page","link":"https:\/\/chooseon.com.br\/mobtap\/cleankap\/","title":{"rendered":"Cleankap"},"content":{"rendered":"\t\t<div data-elementor-type=\"wp-page\" data-elementor-id=\"37579\" class=\"elementor elementor-37579\" data-elementor-post-type=\"page\">\n\t\t\t\t\t\t<section class=\"elementor-section elementor-top-section elementor-element elementor-element-e9f48d2 elementor-section-boxed elementor-section-height-default elementor-section-height-default sc_fly_static\" data-id=\"e9f48d2\" data-element_type=\"section\" data-e-type=\"section\">\n\t\t\t\t\t\t<div class=\"elementor-container elementor-column-gap-extended\">\n\t\t\t\t\t<div class=\"elementor-column elementor-col-100 elementor-top-column elementor-element elementor-element-21dadd2 sc_layouts_column_align_center sc_layouts_column sc_content_align_inherit sc_layouts_column_icons_position_left sc_fly_static\" data-id=\"21dadd2\" data-element_type=\"column\" data-e-type=\"column\">\n\t\t\t<div class=\"elementor-widget-wrap elementor-element-populated\">\n\t\t\t\t\t\t<div class=\"elementor-element elementor-element-d6ca032 sc_height_huge sc_fly_static elementor-widget elementor-widget-spacer\" data-id=\"d6ca032\" data-element_type=\"widget\" data-e-type=\"widget\" data-widget_type=\"spacer.default\">\n\t\t\t\t<div class=\"elementor-widget-container\">\n\t\t\t\t\t\t\t<div class=\"elementor-spacer\">\n\t\t\t<div class=\"elementor-spacer-inner\"><\/div>\n\t\t<\/div>\n\t\t\t\t\t\t<\/div>\n\t\t\t\t<\/div>\n\t\t\t\t<div class=\"elementor-element elementor-element-6fcc5c2 elementor-widget__width-initial sc_fly_static elementor-widget elementor-widget-trx_sc_title\" data-id=\"6fcc5c2\" data-element_type=\"widget\" data-e-type=\"widget\" data-widget_type=\"trx_sc_title.default\">\n\t\t\t\t<div class=\"elementor-widget-container\">\n\t\t\t\t\t<div\t\tclass=\"sc_title sc_title_default\" ><span class=\"sc_item_subtitle sc_title_subtitle sc_item_subtitle_above sc_item_title_style_default\">Tapetes <\/span><h1 class=\"sc_item_title sc_title_title sc_item_title_style_default sc_item_title_tag\"\n\t\t\t><span class=\"sc_item_title_text\">Cleankap<\/span><\/h1><\/div>\t\t\t\t<\/div>\n\t\t\t\t<\/div>\n\t\t\t\t<div class=\"elementor-element elementor-element-71bf9e3 sc_height_huge sc_fly_static elementor-widget elementor-widget-spacer\" data-id=\"71bf9e3\" data-element_type=\"widget\" data-e-type=\"widget\" data-widget_type=\"spacer.default\">\n\t\t\t\t<div class=\"elementor-widget-container\">\n\t\t\t\t\t\t\t<div class=\"elementor-spacer\">\n\t\t\t<div class=\"elementor-spacer-inner\"><\/div>\n\t\t<\/div>\n\t\t\t\t\t\t<\/div>\n\t\t\t\t<\/div>\n\t\t\t\t\t<\/div>\n\t\t<\/div>\n\t\t\t\t\t<\/div>\n\t\t<\/section>\n\t\t\t\t<section class=\"elementor-section elementor-top-section elementor-element elementor-element-70d4e87 elementor-section-full_width scheme_default elementor-section-height-default elementor-section-height-default sc_gradient_animation_none sc_fly_static\" data-id=\"70d4e87\" data-element_type=\"section\" data-e-type=\"section\" data-settings=\"{&quot;background_background&quot;:&quot;gradient&quot;}\">\n\t\t\t\t\t\t\t<div class=\"elementor-background-overlay\"><\/div>\n\t\t\t\t\t\t\t<div class=\"elementor-container elementor-column-gap-extended\">\n\t\t\t\t\t<div class=\"elementor-column elementor-col-100 elementor-top-column elementor-element elementor-element-4b8e7b6 sc_content_align_inherit sc_layouts_column_icons_position_left sc_fly_static\" data-id=\"4b8e7b6\" data-element_type=\"column\" data-e-type=\"column\">\n\t\t\t<div class=\"elementor-widget-wrap elementor-element-populated\">\n\t\t\t\t\t\t<div class=\"elementor-element elementor-element-2d0a3c2 sc_height_huge sc_layouts_hide_on_mobile sc_fly_static elementor-widget elementor-widget-spacer\" data-id=\"2d0a3c2\" data-element_type=\"widget\" data-e-type=\"widget\" data-widget_type=\"spacer.default\">\n\t\t\t\t<div class=\"elementor-widget-container\">\n\t\t\t\t\t\t\t<div class=\"elementor-spacer\">\n\t\t\t<div class=\"elementor-spacer-inner\"><\/div>\n\t\t<\/div>\n\t\t\t\t\t\t<\/div>\n\t\t\t\t<\/div>\n\t\t\t\t<section class=\"elementor-section elementor-inner-section elementor-element elementor-element-80a73bd elementor-section-full_width elementor-section-height-default elementor-section-height-default sc_fly_static\" data-id=\"80a73bd\" data-element_type=\"section\" data-e-type=\"section\">\n\t\t\t\t\t\t<div class=\"elementor-container elementor-column-gap-extended\">\n\t\t\t\t\t<div class=\"elementor-column elementor-col-50 elementor-inner-column elementor-element elementor-element-5e52936 sc_content_align_inherit sc_layouts_column_icons_position_left sc_fly_static\" data-id=\"5e52936\" data-element_type=\"column\" data-e-type=\"column\" data-settings=\"{&quot;background_background&quot;:&quot;classic&quot;}\">\n\t\t\t<div class=\"elementor-widget-wrap elementor-element-populated\">\n\t\t\t\t\t\t<div class=\"elementor-element elementor-element-e12564a sc_fly_static elementor-widget elementor-widget-spacer\" data-id=\"e12564a\" data-element_type=\"widget\" data-e-type=\"widget\" data-widget_type=\"spacer.default\">\n\t\t\t\t<div class=\"elementor-widget-container\">\n\t\t\t\t\t\t\t<div class=\"elementor-spacer\">\n\t\t\t<div class=\"elementor-spacer-inner\"><\/div>\n\t\t<\/div>\n\t\t\t\t\t\t<\/div>\n\t\t\t\t<\/div>\n\t\t\t\t<div class=\"elementor-element elementor-element-a9e7d0c no-title sc_fly_static elementor-widget elementor-widget-image\" data-id=\"a9e7d0c\" data-element_type=\"widget\" data-e-type=\"widget\" data-widget_type=\"image.default\">\n\t\t\t\t<div class=\"elementor-widget-container\">\n\t\t\t\t\t\t\t\t\t\t\t\t\t\t\t<img fetchpriority=\"high\" decoding=\"async\" width=\"1080\" height=\"1064\" src=\"https:\/\/chooseon.com.br\/mobtap\/wp-content\/uploads\/2026\/05\/d1baa8d0-6d26-4238-b2ed-7cd2659b5b5a.jpg\" class=\"attachment-full size-full wp-image-37760\" alt=\"\" srcset=\"https:\/\/chooseon.com.br\/mobtap\/wp-content\/uploads\/2026\/05\/d1baa8d0-6d26-4238-b2ed-7cd2659b5b5a.jpg 1080w, https:\/\/chooseon.com.br\/mobtap\/wp-content\/uploads\/2026\/05\/d1baa8d0-6d26-4238-b2ed-7cd2659b5b5a-300x296.jpg 300w, https:\/\/chooseon.com.br\/mobtap\/wp-content\/uploads\/2026\/05\/d1baa8d0-6d26-4238-b2ed-7cd2659b5b5a-1024x1009.jpg 1024w, https:\/\/chooseon.com.br\/mobtap\/wp-content\/uploads\/2026\/05\/d1baa8d0-6d26-4238-b2ed-7cd2659b5b5a-768x757.jpg 768w, https:\/\/chooseon.com.br\/mobtap\/wp-content\/uploads\/2026\/05\/d1baa8d0-6d26-4238-b2ed-7cd2659b5b5a-370x365.jpg 370w, https:\/\/chooseon.com.br\/mobtap\/wp-content\/uploads\/2026\/05\/d1baa8d0-6d26-4238-b2ed-7cd2659b5b5a-840x828.jpg 840w, https:\/\/chooseon.com.br\/mobtap\/wp-content\/uploads\/2026\/05\/d1baa8d0-6d26-4238-b2ed-7cd2659b5b5a-410x404.jpg 410w\" sizes=\"(max-width: 1080px) 100vw, 1080px\" \/>\t\t\t\t\t\t\t\t\t\t\t\t\t\t\t<\/div>\n\t\t\t\t<\/div>\n\t\t\t\t<div class=\"elementor-element elementor-element-0a7c5c8 sc_fly_static elementor-widget elementor-widget-spacer\" data-id=\"0a7c5c8\" data-element_type=\"widget\" data-e-type=\"widget\" data-widget_type=\"spacer.default\">\n\t\t\t\t<div class=\"elementor-widget-container\">\n\t\t\t\t\t\t\t<div class=\"elementor-spacer\">\n\t\t\t<div class=\"elementor-spacer-inner\"><\/div>\n\t\t<\/div>\n\t\t\t\t\t\t<\/div>\n\t\t\t\t<\/div>\n\t\t\t\t\t<\/div>\n\t\t<\/div>\n\t\t\t\t<div class=\"elementor-column elementor-col-50 elementor-inner-column elementor-element elementor-element-bca23ab sc_content_align_inherit sc_layouts_column_icons_position_left sc_fly_static\" data-id=\"bca23ab\" data-element_type=\"column\" data-e-type=\"column\">\n\t\t\t<div class=\"elementor-widget-wrap elementor-element-populated\">\n\t\t\t\t\t\t<div class=\"elementor-element elementor-element-d18031a sc_fly_static elementor-widget elementor-widget-spacer\" data-id=\"d18031a\" data-element_type=\"widget\" data-e-type=\"widget\" data-widget_type=\"spacer.default\">\n\t\t\t\t<div class=\"elementor-widget-container\">\n\t\t\t\t\t\t\t<div class=\"elementor-spacer\">\n\t\t\t<div class=\"elementor-spacer-inner\"><\/div>\n\t\t<\/div>\n\t\t\t\t\t\t<\/div>\n\t\t\t\t<\/div>\n\t\t\t\t<div class=\"elementor-element elementor-element-2a6005a sc_layouts_hide_on_mobile sc_layouts_hide_on_notebook sc_layouts_hide_on_tablet sc_fly_static elementor-widget elementor-widget-spacer\" data-id=\"2a6005a\" data-element_type=\"widget\" data-e-type=\"widget\" data-widget_type=\"spacer.default\">\n\t\t\t\t<div class=\"elementor-widget-container\">\n\t\t\t\t\t\t\t<div class=\"elementor-spacer\">\n\t\t\t<div class=\"elementor-spacer-inner\"><\/div>\n\t\t<\/div>\n\t\t\t\t\t\t<\/div>\n\t\t\t\t<\/div>\n\t\t\t\t<section class=\"elementor-section elementor-inner-section elementor-element elementor-element-67715ea elementor-section-boxed elementor-section-height-default elementor-section-height-default sc_fly_static\" data-id=\"67715ea\" data-element_type=\"section\" data-e-type=\"section\">\n\t\t\t\t\t\t<div class=\"elementor-container elementor-column-gap-no\">\n\t\t\t\t\t<div class=\"elementor-column elementor-col-100 elementor-inner-column elementor-element elementor-element-01b98a6 sc_inner_width_1_2 sc-tablet_inner_width_1_1 sc_content_align_inherit sc_layouts_column_icons_position_left sc_fly_static\" data-id=\"01b98a6\" data-element_type=\"column\" data-e-type=\"column\">\n\t\t\t<div class=\"elementor-widget-wrap elementor-element-populated\">\n\t\t\t\t\t\t<div class=\"elementor-element elementor-element-8ba96bd sc_fly_static elementor-widget elementor-widget-trx_sc_title\" data-id=\"8ba96bd\" data-element_type=\"widget\" data-e-type=\"widget\" data-widget_type=\"trx_sc_title.default\">\n\t\t\t\t<div class=\"elementor-widget-container\">\n\t\t\t\t\t<div\t\tclass=\"sc_title sc_title_default\" ><h1 class=\"sc_item_title sc_title_title sc_item_title_style_default sc_item_title_tag\"\n\t\t\t><span class=\"sc_item_title_text\">Tapete Cleankap<\/span><\/h1><\/div>\t\t\t\t<\/div>\n\t\t\t\t<\/div>\n\t\t\t\t<div class=\"elementor-element elementor-element-503683b sc_fly_static elementor-widget elementor-widget-spacer\" data-id=\"503683b\" data-element_type=\"widget\" data-e-type=\"widget\" data-widget_type=\"spacer.default\">\n\t\t\t\t<div class=\"elementor-widget-container\">\n\t\t\t\t\t\t\t<div class=\"elementor-spacer\">\n\t\t\t<div class=\"elementor-spacer-inner\"><\/div>\n\t\t<\/div>\n\t\t\t\t\t\t<\/div>\n\t\t\t\t<\/div>\n\t\t\t\t<div class=\"elementor-element elementor-element-29e2767 sc_fly_static elementor-widget elementor-widget-text-editor\" data-id=\"29e2767\" data-element_type=\"widget\" data-e-type=\"widget\" data-widget_type=\"text-editor.default\">\n\t\t\t\t<div class=\"elementor-widget-container\">\n\t\t\t\t\t\t\t\t\t<p data-start=\"0\" data-end=\"228\">Desenvolvido com tecnologia pr\u00f3pria, este produto une alta capacidade de absor\u00e7\u00e3o de umidade, sofistica\u00e7\u00e3o e longa durabilidade, sendo a escolha ideal para quem deseja aliar eleg\u00e2ncia e praticidade desde a entrada do ambiente.<\/p><p data-start=\"230\" data-end=\"598\" data-is-last-node=\"\" data-is-only-node=\"\">Produzido com 100% poliamida, entrela\u00e7ado em poli\u00e9ster e com base vin\u00edlica antiderrapante, o Cleankap proporciona resist\u00eancia, conforto e firmeza no uso di\u00e1rio. Seu visual moderno, aliado \u00e0 grande variedade de cores e estampas, faz dele a op\u00e7\u00e3o perfeita para entradas, recep\u00e7\u00f5es, portarias e \u00e1reas de conviv\u00eancia que exigem limpeza, seguran\u00e7a e excelente apresenta\u00e7\u00e3o.<\/p>\t\t\t\t\t\t\t\t<\/div>\n\t\t\t\t<\/div>\n\t\t\t\t<div class=\"elementor-element elementor-element-26e40c5 sc_fly_static elementor-widget elementor-widget-spacer\" data-id=\"26e40c5\" data-element_type=\"widget\" data-e-type=\"widget\" data-widget_type=\"spacer.default\">\n\t\t\t\t<div class=\"elementor-widget-container\">\n\t\t\t\t\t\t\t<div class=\"elementor-spacer\">\n\t\t\t<div class=\"elementor-spacer-inner\"><\/div>\n\t\t<\/div>\n\t\t\t\t\t\t<\/div>\n\t\t\t\t<\/div>\n\t\t\t\t<div class=\"elementor-element elementor-element-18f8e69 sc_fly_static elementor-widget elementor-widget-text-editor\" data-id=\"18f8e69\" data-element_type=\"widget\" data-e-type=\"widget\" data-widget_type=\"text-editor.default\">\n\t\t\t\t<div class=\"elementor-widget-container\">\n\t\t\t\t\t\t\t\t\t<p>O tapete Cleankap \u00e9 indicado para:<\/p><ul><li>Entradas de lojas e estabelecimentos comerciais;<\/li><li>Recep\u00e7\u00e3o de empresas e escrit\u00f3rios;<\/li><li>Portarias de condom\u00ednios e hot\u00e9is;<\/li><li>Espa\u00e7os de conveni\u00eancia e corredores internos;<\/li><li>Ambientes que exigem controle de umidade, seguran\u00e7a e est\u00e9tica profissional.<\/li><\/ul>\t\t\t\t\t\t\t\t<\/div>\n\t\t\t\t<\/div>\n\t\t\t\t<div class=\"elementor-element elementor-element-d54af37 sc_height_tiny sc_fly_static elementor-widget elementor-widget-spacer\" data-id=\"d54af37\" data-element_type=\"widget\" data-e-type=\"widget\" data-widget_type=\"spacer.default\">\n\t\t\t\t<div class=\"elementor-widget-container\">\n\t\t\t\t\t\t\t<div class=\"elementor-spacer\">\n\t\t\t<div class=\"elementor-spacer-inner\"><\/div>\n\t\t<\/div>\n\t\t\t\t\t\t<\/div>\n\t\t\t\t<\/div>\n\t\t\t\t<div class=\"elementor-element elementor-element-a7f84c2 sc_fly_static elementor-widget elementor-widget-trx_sc_button\" data-id=\"a7f84c2\" data-element_type=\"widget\" data-e-type=\"widget\" data-widget_type=\"trx_sc_button.default\">\n\t\t\t\t<div class=\"elementor-widget-container\">\n\t\t\t\t\t<div\tclass=\"sc_item_button sc_button_wrap\" ><a href=\"https:\/\/chooseon.com.br\/mobtap\/wp-content\/uploads\/2026\/05\/CleanKap.pdf\" class=\"sc_button sc_button_default sc_button_size_normal sc_button_icon_left color_style_link2\" ><span class=\"sc_button_text\"><span class=\"sc_button_title\">Especifica\u00e7\u00f5es T\u00e9cnicas<\/span><\/span><\/a><\/div>\t\t\t\t<\/div>\n\t\t\t\t<\/div>\n\t\t\t\t<div class=\"elementor-element elementor-element-b524ded sc_height_tiny sc_fly_static elementor-widget elementor-widget-spacer\" data-id=\"b524ded\" data-element_type=\"widget\" data-e-type=\"widget\" data-widget_type=\"spacer.default\">\n\t\t\t\t<div class=\"elementor-widget-container\">\n\t\t\t\t\t\t\t<div class=\"elementor-spacer\">\n\t\t\t<div class=\"elementor-spacer-inner\"><\/div>\n\t\t<\/div>\n\t\t\t\t\t\t<\/div>\n\t\t\t\t<\/div>\n\t\t\t\t<div class=\"elementor-element elementor-element-35b16af sc_layouts_hide_on_mobile sc_layouts_hide_on_notebook sc_layouts_hide_on_tablet sc_fly_static elementor-widget elementor-widget-spacer\" data-id=\"35b16af\" data-element_type=\"widget\" data-e-type=\"widget\" data-widget_type=\"spacer.default\">\n\t\t\t\t<div class=\"elementor-widget-container\">\n\t\t\t\t\t\t\t<div class=\"elementor-spacer\">\n\t\t\t<div class=\"elementor-spacer-inner\"><\/div>\n\t\t<\/div>\n\t\t\t\t\t\t<\/div>\n\t\t\t\t<\/div>\n\t\t\t\t\t<\/div>\n\t\t<\/div>\n\t\t\t\t\t<\/div>\n\t\t<\/section>\n\t\t\t\t<div class=\"elementor-element elementor-element-f89062e sc_layouts_hide_on_mobile sc_fly_static elementor-widget elementor-widget-spacer\" data-id=\"f89062e\" data-element_type=\"widget\" data-e-type=\"widget\" data-widget_type=\"spacer.default\">\n\t\t\t\t<div class=\"elementor-widget-container\">\n\t\t\t\t\t\t\t<div class=\"elementor-spacer\">\n\t\t\t<div class=\"elementor-spacer-inner\"><\/div>\n\t\t<\/div>\n\t\t\t\t\t\t<\/div>\n\t\t\t\t<\/div>\n\t\t\t\t\t<\/div>\n\t\t<\/div>\n\t\t\t\t\t<\/div>\n\t\t<\/section>\n\t\t\t\t<div class=\"elementor-element elementor-element-a6cf58e sc_height_huge sc_fly_static elementor-widget elementor-widget-spacer\" data-id=\"a6cf58e\" data-element_type=\"widget\" data-e-type=\"widget\" data-widget_type=\"spacer.default\">\n\t\t\t\t<div class=\"elementor-widget-container\">\n\t\t\t\t\t\t\t<div class=\"elementor-spacer\">\n\t\t\t<div class=\"elementor-spacer-inner\"><\/div>\n\t\t<\/div>\n\t\t\t\t\t\t<\/div>\n\t\t\t\t<\/div>\n\t\t\t\t\t<\/div>\n\t\t<\/div>\n\t\t\t\t\t<\/div>\n\t\t<\/section>\n\t\t\t\t<section class=\"elementor-section elementor-top-section elementor-element elementor-element-4c48a45 elementor-section-full_width elementor-section-height-default elementor-section-height-default sc_fly_static\" data-id=\"4c48a45\" data-element_type=\"section\" data-e-type=\"section\">\n\t\t\t\t\t\t<div class=\"elementor-container elementor-column-gap-extended\">\n\t\t\t\t\t<div class=\"elementor-column elementor-col-100 elementor-top-column elementor-element elementor-element-25a3a51 sc_content_align_inherit sc_layouts_column_icons_position_left sc_fly_static\" data-id=\"25a3a51\" data-element_type=\"column\" data-e-type=\"column\">\n\t\t\t<div class=\"elementor-widget-wrap elementor-element-populated\">\n\t\t\t\t\t\t<div class=\"elementor-element elementor-element-b6836a6 sc_height_medium sc_fly_static elementor-widget elementor-widget-spacer\" data-id=\"b6836a6\" data-element_type=\"widget\" data-e-type=\"widget\" data-widget_type=\"spacer.default\">\n\t\t\t\t<div class=\"elementor-widget-container\">\n\t\t\t\t\t\t\t<div class=\"elementor-spacer\">\n\t\t\t<div class=\"elementor-spacer-inner\"><\/div>\n\t\t<\/div>\n\t\t\t\t\t\t<\/div>\n\t\t\t\t<\/div>\n\t\t\t\t<div class=\"elementor-element elementor-element-843d9b3 sc_fly_static elementor-widget elementor-widget-image-gallery\" data-id=\"843d9b3\" data-element_type=\"widget\" data-e-type=\"widget\" data-widget_type=\"image-gallery.default\">\n\t\t\t\t<div class=\"elementor-widget-container\">\n\t\t\t\t\t\t\t<div class=\"elementor-image-gallery\">\n\t\t\t<div id='gallery-1' class='gallery galleryid-37579 gallery-columns-6 gallery-size-trx_addons-thumb-portrait'><figure class='gallery-item'>\n\t\t\t<div class='gallery-icon landscape'>\n\t\t\t\t<a data-elementor-open-lightbox=\"yes\" data-elementor-lightbox-slideshow=\"843d9b3\" data-e-action-hash=\"#elementor-action%3Aaction%3Dlightbox%26settings%3DeyJpZCI6Mzc3NTEsInVybCI6Imh0dHBzOlwvXC9jaG9vc2Vvbi5jb20uYnJcL21vYnRhcFwvd3AtY29udGVudFwvdXBsb2Fkc1wvMjAyNlwvMDVcLzg0NmRkMTQ2LTExYzgtNDkyNS05YmFiLWZmZDAzMTY3OGM0My5qcGciLCJzbGlkZXNob3ciOiI4NDNkOWIzIn0%3D\" href='https:\/\/chooseon.com.br\/mobtap\/wp-content\/uploads\/2026\/05\/846dd146-11c8-4925-9bab-ffd031678c43.jpg'><img decoding=\"async\" width=\"370\" height=\"493\" src=\"https:\/\/chooseon.com.br\/mobtap\/wp-content\/uploads\/2026\/05\/846dd146-11c8-4925-9bab-ffd031678c43-370x493.jpg\" class=\"attachment-trx_addons-thumb-portrait size-trx_addons-thumb-portrait\" alt=\"\" \/><\/a>\n\t\t\t<\/div><\/figure><figure class='gallery-item'>\n\t\t\t<div class='gallery-icon portrait'>\n\t\t\t\t<a data-elementor-open-lightbox=\"yes\" data-elementor-lightbox-slideshow=\"843d9b3\" data-e-action-hash=\"#elementor-action%3Aaction%3Dlightbox%26settings%3DeyJpZCI6Mzc3NTIsInVybCI6Imh0dHBzOlwvXC9jaG9vc2Vvbi5jb20uYnJcL21vYnRhcFwvd3AtY29udGVudFwvdXBsb2Fkc1wvMjAyNlwvMDVcL2E3YzA1YTg5LTViYWItNDVlYi05Njk5LTI3Mzk5MGVmZTU3ZS5qcGciLCJzbGlkZXNob3ciOiI4NDNkOWIzIn0%3D\" href='https:\/\/chooseon.com.br\/mobtap\/wp-content\/uploads\/2026\/05\/a7c05a89-5bab-45eb-9699-273990efe57e.jpg'><img decoding=\"async\" width=\"370\" height=\"493\" src=\"https:\/\/chooseon.com.br\/mobtap\/wp-content\/uploads\/2026\/05\/a7c05a89-5bab-45eb-9699-273990efe57e-370x493.jpg\" class=\"attachment-trx_addons-thumb-portrait size-trx_addons-thumb-portrait\" alt=\"\" \/><\/a>\n\t\t\t<\/div><\/figure><figure class='gallery-item'>\n\t\t\t<div class='gallery-icon landscape'>\n\t\t\t\t<a data-elementor-open-lightbox=\"yes\" data-elementor-lightbox-slideshow=\"843d9b3\" data-e-action-hash=\"#elementor-action%3Aaction%3Dlightbox%26settings%3DeyJpZCI6Mzc3NTQsInVybCI6Imh0dHBzOlwvXC9jaG9vc2Vvbi5jb20uYnJcL21vYnRhcFwvd3AtY29udGVudFwvdXBsb2Fkc1wvMjAyNlwvMDVcL2RlMjQ5MjQzLTg0MWQtNDg4ZC1iNzhkLWVjMDJjZGI2ZGJiNC5qcGciLCJzbGlkZXNob3ciOiI4NDNkOWIzIn0%3D\" href='https:\/\/chooseon.com.br\/mobtap\/wp-content\/uploads\/2026\/05\/de249243-841d-488d-b78d-ec02cdb6dbb4.jpg'><img loading=\"lazy\" decoding=\"async\" width=\"370\" height=\"493\" src=\"https:\/\/chooseon.com.br\/mobtap\/wp-content\/uploads\/2026\/05\/de249243-841d-488d-b78d-ec02cdb6dbb4-370x493.jpg\" class=\"attachment-trx_addons-thumb-portrait size-trx_addons-thumb-portrait\" alt=\"\" \/><\/a>\n\t\t\t<\/div><\/figure><figure class='gallery-item'>\n\t\t\t<div class='gallery-icon portrait'>\n\t\t\t\t<a data-elementor-open-lightbox=\"yes\" data-elementor-lightbox-slideshow=\"843d9b3\" data-e-action-hash=\"#elementor-action%3Aaction%3Dlightbox%26settings%3DeyJpZCI6Mzc3NTYsInVybCI6Imh0dHBzOlwvXC9jaG9vc2Vvbi5jb20uYnJcL21vYnRhcFwvd3AtY29udGVudFwvdXBsb2Fkc1wvMjAyNlwvMDVcLzNiMjJjMWNiLTFjMDMtNGY4NS1hMGQ3LWI3MmNmNmYxMzNkYi5qcGciLCJzbGlkZXNob3ciOiI4NDNkOWIzIn0%3D\" href='https:\/\/chooseon.com.br\/mobtap\/wp-content\/uploads\/2026\/05\/3b22c1cb-1c03-4f85-a0d7-b72cf6f133db.jpg'><img loading=\"lazy\" decoding=\"async\" width=\"370\" height=\"493\" src=\"https:\/\/chooseon.com.br\/mobtap\/wp-content\/uploads\/2026\/05\/3b22c1cb-1c03-4f85-a0d7-b72cf6f133db-370x493.jpg\" class=\"attachment-trx_addons-thumb-portrait size-trx_addons-thumb-portrait\" alt=\"\" \/><\/a>\n\t\t\t<\/div><\/figure><figure class='gallery-item'>\n\t\t\t<div class='gallery-icon portrait'>\n\t\t\t\t<a data-elementor-open-lightbox=\"yes\" data-elementor-lightbox-slideshow=\"843d9b3\" data-e-action-hash=\"#elementor-action%3Aaction%3Dlightbox%26settings%3DeyJpZCI6Mzc3NTgsInVybCI6Imh0dHBzOlwvXC9jaG9vc2Vvbi5jb20uYnJcL21vYnRhcFwvd3AtY29udGVudFwvdXBsb2Fkc1wvMjAyNlwvMDVcLzM1YTQ1YzI4LTMxYWItNDI4OS1hYzg5LTliNWVkNmIyYzEwOC5qcGciLCJzbGlkZXNob3ciOiI4NDNkOWIzIn0%3D\" href='https:\/\/chooseon.com.br\/mobtap\/wp-content\/uploads\/2026\/05\/35a45c28-31ab-4289-ac89-9b5ed6b2c108.jpg'><img loading=\"lazy\" decoding=\"async\" width=\"370\" height=\"493\" src=\"https:\/\/chooseon.com.br\/mobtap\/wp-content\/uploads\/2026\/05\/35a45c28-31ab-4289-ac89-9b5ed6b2c108-370x493.jpg\" class=\"attachment-trx_addons-thumb-portrait size-trx_addons-thumb-portrait\" alt=\"\" srcset=\"https:\/\/chooseon.com.br\/mobtap\/wp-content\/uploads\/2026\/05\/35a45c28-31ab-4289-ac89-9b5ed6b2c108-370x493.jpg 370w, https:\/\/chooseon.com.br\/mobtap\/wp-content\/uploads\/2026\/05\/35a45c28-31ab-4289-ac89-9b5ed6b2c108-225x300.jpg 225w, https:\/\/chooseon.com.br\/mobtap\/wp-content\/uploads\/2026\/05\/35a45c28-31ab-4289-ac89-9b5ed6b2c108-768x1024.jpg 768w, https:\/\/chooseon.com.br\/mobtap\/wp-content\/uploads\/2026\/05\/35a45c28-31ab-4289-ac89-9b5ed6b2c108-840x1120.jpg 840w, https:\/\/chooseon.com.br\/mobtap\/wp-content\/uploads\/2026\/05\/35a45c28-31ab-4289-ac89-9b5ed6b2c108-410x547.jpg 410w, https:\/\/chooseon.com.br\/mobtap\/wp-content\/uploads\/2026\/05\/35a45c28-31ab-4289-ac89-9b5ed6b2c108.jpg 960w\" sizes=\"(max-width: 600px) 100vw, 370px\" \/><\/a>\n\t\t\t<\/div><\/figure><figure class='gallery-item'>\n\t\t\t<div class='gallery-icon portrait'>\n\t\t\t\t<a data-elementor-open-lightbox=\"yes\" data-elementor-lightbox-slideshow=\"843d9b3\" data-e-action-hash=\"#elementor-action%3Aaction%3Dlightbox%26settings%3DeyJpZCI6Mzc3NTUsInVybCI6Imh0dHBzOlwvXC9jaG9vc2Vvbi5jb20uYnJcL21vYnRhcFwvd3AtY29udGVudFwvdXBsb2Fkc1wvMjAyNlwvMDVcLzBiMzZlMWVmLTc0NmMtNDc4ZS04MjkwLTAwNjg1NjVlYjY2Zi5qcGciLCJzbGlkZXNob3ciOiI4NDNkOWIzIn0%3D\" href='https:\/\/chooseon.com.br\/mobtap\/wp-content\/uploads\/2026\/05\/0b36e1ef-746c-478e-8290-0068565eb66f.jpg'><img loading=\"lazy\" decoding=\"async\" width=\"370\" height=\"493\" src=\"https:\/\/chooseon.com.br\/mobtap\/wp-content\/uploads\/2026\/05\/0b36e1ef-746c-478e-8290-0068565eb66f-370x493.jpg\" class=\"attachment-trx_addons-thumb-portrait size-trx_addons-thumb-portrait\" alt=\"\" srcset=\"https:\/\/chooseon.com.br\/mobtap\/wp-content\/uploads\/2026\/05\/0b36e1ef-746c-478e-8290-0068565eb66f-370x493.jpg 370w, https:\/\/chooseon.com.br\/mobtap\/wp-content\/uploads\/2026\/05\/0b36e1ef-746c-478e-8290-0068565eb66f-225x300.jpg 225w, https:\/\/chooseon.com.br\/mobtap\/wp-content\/uploads\/2026\/05\/0b36e1ef-746c-478e-8290-0068565eb66f-768x1024.jpg 768w, https:\/\/chooseon.com.br\/mobtap\/wp-content\/uploads\/2026\/05\/0b36e1ef-746c-478e-8290-0068565eb66f-1152x1536.jpg 1152w, https:\/\/chooseon.com.br\/mobtap\/wp-content\/uploads\/2026\/05\/0b36e1ef-746c-478e-8290-0068565eb66f-840x1120.jpg 840w, https:\/\/chooseon.com.br\/mobtap\/wp-content\/uploads\/2026\/05\/0b36e1ef-746c-478e-8290-0068565eb66f-410x547.jpg 410w, https:\/\/chooseon.com.br\/mobtap\/wp-content\/uploads\/2026\/05\/0b36e1ef-746c-478e-8290-0068565eb66f.jpg 1200w\" sizes=\"(max-width: 600px) 100vw, 370px\" \/><\/a>\n\t\t\t<\/div><\/figure>\n\t\t<\/div>\n\t\t<\/div>\n\t\t\t\t\t\t<\/div>\n\t\t\t\t<\/div>\n\t\t\t\t\t<\/div>\n\t\t<\/div>\n\t\t\t\t\t<\/div>\n\t\t<\/section>\n\t\t\t\t<section class=\"elementor-section elementor-top-section elementor-element elementor-element-f18c98b elementor-section-boxed elementor-section-height-default elementor-section-height-default sc_fly_static\" data-id=\"f18c98b\" data-element_type=\"section\" data-e-type=\"section\">\n\t\t\t\t\t\t<div class=\"elementor-container elementor-column-gap-extended\">\n\t\t\t\t\t<div class=\"elementor-column elementor-col-100 elementor-top-column elementor-element elementor-element-0976710 sc_content_align_inherit sc_layouts_column_icons_position_left sc_fly_static\" data-id=\"0976710\" data-element_type=\"column\" data-e-type=\"column\">\n\t\t\t<div class=\"elementor-widget-wrap elementor-element-populated\">\n\t\t\t\t\t\t<div class=\"elementor-element elementor-element-1fac59c sc_height_huge sc_fly_static elementor-widget elementor-widget-spacer\" data-id=\"1fac59c\" data-element_type=\"widget\" data-e-type=\"widget\" data-widget_type=\"spacer.default\">\n\t\t\t\t<div class=\"elementor-widget-container\">\n\t\t\t\t\t\t\t<div class=\"elementor-spacer\">\n\t\t\t<div class=\"elementor-spacer-inner\"><\/div>\n\t\t<\/div>\n\t\t\t\t\t\t<\/div>\n\t\t\t\t<\/div>\n\t\t\t\t\t<\/div>\n\t\t<\/div>\n\t\t\t\t\t<\/div>\n\t\t<\/section>\n\t\t\t\t<\/div>\n\t\t","protected":false},"excerpt":{"rendered":"<p>Tapetes Cleankap Tapete Cleankap Desenvolvido com tecnologia pr\u00f3pria, este produto une alta capacidade de absor\u00e7\u00e3o de umidade, sofistica\u00e7\u00e3o e longa durabilidade, sendo a escolha ideal para quem deseja aliar eleg\u00e2ncia&hellip;<\/p>\n","protected":false},"author":1,"featured_media":0,"parent":0,"menu_order":0,"comment_status":"closed","ping_status":"closed","template":"","meta":{"footnotes":""},"class_list":["post-37579","page","type-page","status-publish","hentry"],"_links":{"self":[{"href":"https:\/\/chooseon.com.br\/mobtap\/wp-json\/wp\/v2\/pages\/37579","targetHints":{"allow":["GET"]}}],"collection":[{"href":"https:\/\/chooseon.com.br\/mobtap\/wp-json\/wp\/v2\/pages"}],"about":[{"href":"https:\/\/chooseon.com.br\/mobtap\/wp-json\/wp\/v2\/types\/page"}],"author":[{"embeddable":true,"href":"https:\/\/chooseon.com.br\/mobtap\/wp-json\/wp\/v2\/users\/1"}],"replies":[{"embeddable":true,"href":"https:\/\/chooseon.com.br\/mobtap\/wp-json\/wp\/v2\/comments?post=37579"}],"version-history":[{"count":4,"href":"https:\/\/chooseon.com.br\/mobtap\/wp-json\/wp\/v2\/pages\/37579\/revisions"}],"predecessor-version":[{"id":37764,"href":"https:\/\/chooseon.com.br\/mobtap\/wp-json\/wp\/v2\/pages\/37579\/revisions\/37764"}],"wp:attachment":[{"href":"https:\/\/chooseon.com.br\/mobtap\/wp-json\/wp\/v2\/media?parent=37579"}],"curies":[{"name":"wp","href":"https:\/\/api.w.org\/{rel}","templated":true}]}}